{"id":48667,"date":"2020-09-25T08:07:36","date_gmt":"2020-09-25T06:07:36","guid":{"rendered":"http:\/\/stage.mololongoaccommodation.com\/datenschutzerklarung\/"},"modified":"2024-02-01T08:59:46","modified_gmt":"2024-02-01T07:59:46","slug":"datenschutzerklarung","status":"publish","type":"page","link":"https:\/\/mololongoaccommodation.com\/de\/datenschutzerklarung\/","title":{"rendered":"Datenschutzrichtlinien"},"content":{"rendered":"<p style=\"text-align: justify;\">Die Virtus upravljanje d.o.o. verpflichtet sich, als Reiseb\u00fcro unter dem Brand Molo Longo (im Weiteren: Molo Longo, die Anonymit\u00e4t und Privatsph\u00e4re der Nutzer ihrer Webseite zu wahren. Die Molo Longo erhebt von ihren Kunden nur solche Daten, die f\u00fcr unseren Gesch\u00e4ftsbetrieb und die Erf\u00fcllung unserer Pflichten erforderlich sind und sch\u00fctzt sie dabei vor jeder unbefugten oder rechtswidrigen Verarbeitung. Wir informieren unsere Kunden \u00fcber den Zweck und die Art und Weise der Erhebung dieser Daten und stellen ihnen jederzeit frei, ob sie ihre Daten auch f\u00fcr Werbezwecke zur Verf\u00fcgung stellen oder deren L\u00f6schung w\u00fcnschen. Zu diesem Zwecke wendet die Molo Longo in ihrem Gesch\u00e4ftsbetrieb die Datenschutz-Grundverordnung sowie das Gesetz \u00fcber die Umsetzung der Datenschutz-Grundverordnung an.<\/p>\n<p style=\"text-align: justify;\"><strong>Datenverarbeitung<\/strong><br \/>\nDie Verarbeitung der Daten unserer Kunden gr\u00fcndet auf unserem berechtigten Interesse, unseren Kunden verbesserte Dienstleistungen anzubieten und eine zufriedenstellende Produktivit\u00e4t in Zusammenarbeit mit unseren Kunden zu erzielen.<br \/>\nWir k\u00f6nnen Ihre Daten anfordern, wenn Sie eine Unterkunft \u00fcber unsere Webseite buchen, den Newsletter abonnieren, einen Fragebogen ausf\u00fcllen und in \u00e4hnlichen F\u00e4llen, wenn wir Ihre Daten ben\u00f6tigen, um den Zweck der Datenerfassung und -verarbeitung zu erzielen. In diesen F\u00e4llen k\u00f6nnen wir Sie um Mitteilung Ihres Namen, Ihrer Telefonnummer, Ihrer E-Mail Adresse sowie um Zahlungsdetails bitten.<br \/>\nDie personenbezogenen und sonstigen Daten, welche Molo Longo von Ihren Kunden erhebt, werden in einer sicheren und gesch\u00fctzten Datenbank gespeichert und sind f\u00fcr dritte Personen unzug\u00e4nglich.<\/p>\n<p style=\"text-align: justify;\"><strong>Erkl\u00e4rung zur Nutzung von WsPay<\/strong><br \/>\nDie Virtus upravljanje d.o.o. verwendet WSPay f\u00fcr Online-Zahlungen. WSPay ist ein sicheres System f\u00fcr Onlinezahlungen, Echtzeitzahlungen, Zahlungen mit Kredit- und Debitkarten sowie f\u00fcr andere Zahlungsmethoden. WSPay bietet dem Kunden und H\u00e4ndler eine sichere Registrierung und \u00dcbertragung der eingegebenen Kartendaten, was durch das PCI DSS-Zertifikat von WSPay best\u00e4tigt wird. WSPay verwendet die 256-Bit-Verschl\u00fcsselung des SSL-Zertifikats und das kryptografische Protokoll TLS 1.2 &#8211; die h\u00f6chste Schutzstufe bei der Eingabe und der \u00dcbertragen von Daten.<\/p>\n<p style=\"text-align: justify;\"><strong>Ihre Rechte in Bezug auf die Verarbeitung von personenbezogenen Daten<\/strong><br \/>\n&#8211; Einwilligungsrecht und Recht Widerruf der Einwilligung \u2013 gr\u00fcndet die Datenverarbeitung auf ihrer Einwilligung, sind Sie jederzeit dazu berechtigt, diese zu widerrufen, indem Sie eine entsprechende schriftliche Widerrufserkl\u00e4rung an die Postanschrift der Agentur MOLO LONGO, Trpimirova 1A, Rijeka, HR- 51 000 RIJEKA oder an die E-Mail Adresse: info@mololongo.com senden.<br \/>\n&#8211; Auskunftsrecht \u2013 Recht auf Informationen dar\u00fcber, ob Ihre personenbezogenen Daten verarbeitet werden, \u00fcber die Art und Weise der Verarbeitung, ihrem Speicherort u.\u00e4.<br \/>\n&#8211; Recht auf L\u00f6schung \u2013 wenn sie Ihre Anmeldung zur\u00fcckgezogen haben oder Ihre Daten f\u00fcr den Zweck, zu welchem sie erhoben wurden, nicht mehr erforderlich sind.<\/p>\n<p style=\"text-align: justify;\"><strong>Cookies und ihr Zweck<\/strong><br \/>\nDiese Webseite verwendet Cookies und \u00e4hnliche Technologien, um sicherzustellen, dass wir Ihnen unsere bestm\u00f6glichen Dienstleistungen anbieten. Cookies sind Informationen, welche von der ihnen besuchten Webseite auf ihrem Rechner platziert werden. Cookies speichern normalerweise Ihre Einstellungen f\u00fcr eine Webseite, wie z. B. Ihre bevorzugte Sprache f\u00fcr die Benutzeroberfl\u00e4che u. \u00c4. Indem Sie auf &#8222;Zustimmen&#8220; klicken, stimmen Sie der Verarbeitung Ihrer Daten zu. Die Cookies k\u00f6nnen zur Verbesserung des Benutzererlebnisses auf unserer Webseite oder zur Speicherung Ihrer Sucheinstellungen verwendet werden. Cookies helfen uns auch dabei, das Buchungsverfahren zu vereinfachen und die Webseite Ihren Bed\u00fcrfnissen anzupassen.<\/p>\n<p style=\"text-align: justify;\"><strong>Cookies ablehnen<\/strong><br \/>\nIn Ihren Browsereinstellungen k\u00f6nnen Sie einstellen, ob Sie das Speichern der Cookies auf Ihrem Rechner zulassen wollen oder nicht. Wenn Sie die Cookies deaktivieren, dann werden Sie einige Funktionen dieser Webseite nicht nutzen k\u00f6nnen. Wenn Sie die Sammelfunktion der Cookies im Browser nicht deaktiviert haben, werden diese auf der Webseite automatisch erfasst. Die Art und Weise, wie man Cookies deaktiviert und die Einwilligung f\u00fcr Ihre Nutzung widerruft, h\u00e4ngen vom jeweiligen Browser ab.<\/p>\n<p style=\"text-align: justify;\"><strong>Arten von Cookies<\/strong><br \/>\n&#8211; Tempor\u00e4re (erforderliche) Cookies \u2013 diese Cookies (engl. Session cookies) werden nach Beendigung der Internetsitzung automatisch von ihrem Rechner gel\u00f6scht. Mithilfe dieser Cookies werden vor\u00fcbergehende Daten, wie beispielsweise die Identifikation des angemeldeten Nutzers gespeichert, die w\u00e4hrend der Dauer der Sitzung f\u00fcr die Reservierung von Unterk\u00fcnften aktiv sind u.\u00e4.<br \/>\n&#8211; Leistungs-Cookies &#8211; werden vom Dienstanbieter verwendet, um die Nutzung der Webseite zu \u00fcberwachen und zu analysieren. Virtus upravljanje verwendet diese Cookies, um Statistiken \u00fcber die Anzahl der Besucher der Webseite, die Art ihrer Verwendung, die Beobachtung der Aktivit\u00e4ten \u00fcber den Newsletter u. \u00c4. zu erstellen. Sie tragen zur Verwirklichung der Performance bei, die die Webseite erzielen m\u00f6chte, verbessern die Funktionalit\u00e4t der Webseite und erleichtern den Nutzern somit die Anwendung. Diese Cookies werden dauerhaft auf dem Rechner des Nutzers gespeichert und erst gel\u00f6scht, wenn sie ablaufen oder vors\u00e4tzlich von der Festplatte gel\u00f6scht werden.<br \/>\n&#8211; Funktionelle Cookies &#8211; werden verwendet, um Daten zu speichern, die sich aus den Gewohnheiten, Eigenschaften und der Art der Nutzung der Webseite durch den Nutzer wie Sprache, Ort, Nutzername u. \u00c4. ergeben. Mithilfe der Cookies passt die Agentur Molo Longo die Nutzung der Webseite jedem Nutzer an. Diese Cookies werden dauerhaft auf dem Rechner des Nutzers gespeichert und erst gel\u00f6scht, wenn sie ablaufen oder vors\u00e4tzlich von der Festplatte gel\u00f6scht werden.<br \/>\n&#8211; Werbe-Cookies \u2013 dienen dazu, Daten \u00fcber das allgemeine Nutzerverhalten im Internet (beim Surfen) zu erheben, welche die Agentur zur Bereitstellung relevanter Angebote von Drittanbietern und f\u00fcr die Erf\u00fcllung der Vertragspflichten gegen\u00fcber Dritten verwenden kann (sollte z.B. ein Mietwagen \u00fcber die Webseite der Agentur gemietet werden, dienen sie der Erf\u00fcllung ihrer Pflichten gegen\u00fcber dem Mietwagenanbieter).<\/p>\n<p style=\"text-align: justify;\"><strong>Google Analytics<\/strong><br \/>\nGoogle Analytics ist eine Analysesoftware des Unternehmens Google Inc., welche f\u00fcr die Nachverfolgung und Analyse des Verhaltens auf der Webseite verwendet wird. Google Analytics verwendet Cookies, die wir w\u00e4hrend Ihres Besuchs auf unserer Webseite erfasst haben, um seine Funktionen zu erzielen. Die auf diese Weise von Google erfassten Daten werden ausschlie\u00dflich zum Analysezwecken des Datenverkehrs auf unserer Webseite verwendet und sind in jeder Hinsicht vor Missbrauch und unbefugtem Austausch gesch\u00fctzt. M\u00f6chten Sie die Verwendung Ihrer Daten durch Google Analytics untersagen, k\u00f6nnen Sie dies indirekt durch das Blockieren und L\u00f6schen von Cookies auf unserer Webseite tun, oder aber direkt, indem die die Option Google Analytics im Wege eines gesonderten Cookies deaktivieren, der bei der Nutzung unserer Webseite erscheint.<\/p>\n<p style=\"text-align: justify;\"><strong>Webseiten von Drittanbietern<\/strong><br \/>\nDiese Webseite enth\u00e4lt Links zu Webseiten von Drittanbietern. Die Betreiber dieser Webseiten verarbeiten Besucherdaten selbstst\u00e4ndig und unabh\u00e4ngig von Molo Longo, in Einklang mit ihren Regeln zur Datenverarbeitung. Demnach ist Molo Longo nicht verantwortlich f\u00fcr die Erhebung und Nutzung von Daten auf diesen Webseiten.<\/p>\n<p style=\"text-align: justify;\"><strong>Kontakt<\/strong><br \/>\nF\u00fcr alle Fragen in Bezug auf den Schutz und die Verwendung Ihrer Daten k\u00f6nnen Sie sich per Mail an die Anschrift info@mololongo.com oder per Post an die Adresse Trpimirova 1A, HR- 51 000 RIJEKA wenden.<\/p>\n","protected":false},"excerpt":{"rendered":"<p>Die Virtus upravljanje d.o.o. verpflichtet sich, als Reiseb\u00fcro unter dem Brand Molo Longo (im Weiteren: Molo Longo, die Anonymit\u00e4t und Privatsph\u00e4re der Nutzer ihrer Webseite zu wahren. Die Molo Longo erhebt von ihren Kunden nur solche Daten, die f\u00fcr unseren Gesch\u00e4ftsbetrieb und die Erf\u00fcllung unserer Pflichten erforderlich sind und sch\u00fctzt sie dabei vor jeder unbefugten [&hellip;]<\/p>\n","protected":false},"author":3,"featured_media":0,"parent":0,"menu_order":13,"comment_status":"closed","ping_status":"closed","template":"page-templates\/fullwidthpage.php","meta":{"inline_featured_image":false,"footnotes":""},"class_list":["post-48667","page","type-page","status-publish","hentry"],"yoast_head":"<!-- This site is optimized with the Yoast SEO plugin v26.8 - https:\/\/yoast.com\/product\/yoast-seo-wordpress\/ -->\n<title>Datenschutzrichtlinien - Molo Longo Accommodation<\/title>\n<meta name=\"robots\" content=\"index, follow, max-snippet:-1, max-image-preview:large, max-video-preview:-1\" \/>\n<link rel=\"canonical\" href=\"https:\/\/mololongoaccommodation.com\/de\/datenschutzerklarung\/\" \/>\n<meta property=\"og:locale\" content=\"de_DE\" \/>\n<meta property=\"og:type\" content=\"article\" \/>\n<meta property=\"og:title\" content=\"Datenschutzrichtlinien - Molo Longo Accommodation\" \/>\n<meta property=\"og:description\" content=\"Die Virtus upravljanje d.o.o. verpflichtet sich, als Reiseb\u00fcro unter dem Brand Molo Longo (im Weiteren: Molo Longo, die Anonymit\u00e4t und Privatsph\u00e4re der Nutzer ihrer Webseite zu wahren. Die Molo Longo erhebt von ihren Kunden nur solche Daten, die f\u00fcr unseren Gesch\u00e4ftsbetrieb und die Erf\u00fcllung unserer Pflichten erforderlich sind und sch\u00fctzt sie dabei vor jeder unbefugten [&hellip;]\" \/>\n<meta property=\"og:url\" content=\"https:\/\/mololongoaccommodation.com\/de\/datenschutzerklarung\/\" \/>\n<meta property=\"og:site_name\" content=\"Molo Longo Accommodation\" \/>\n<meta property=\"article:modified_time\" content=\"2024-02-01T07:59:46+00:00\" \/>\n<meta name=\"twitter:card\" content=\"summary_large_image\" \/>\n<meta name=\"twitter:label1\" content=\"Est. reading time\" \/>\n\t<meta name=\"twitter:data1\" content=\"6 Minuten\" \/>\n<script type=\"application\/ld+json\" class=\"yoast-schema-graph\">{\"@context\":\"https:\/\/schema.org\",\"@graph\":[{\"@type\":\"WebPage\",\"@id\":\"https:\/\/mololongoaccommodation.com\/de\/datenschutzerklarung\/\",\"url\":\"https:\/\/mololongoaccommodation.com\/de\/datenschutzerklarung\/\",\"name\":\"Datenschutzrichtlinien - Molo Longo Accommodation\",\"isPartOf\":{\"@id\":\"https:\/\/mololongoaccommodation.com\/#website\"},\"datePublished\":\"2020-09-25T06:07:36+00:00\",\"dateModified\":\"2024-02-01T07:59:46+00:00\",\"breadcrumb\":{\"@id\":\"https:\/\/mololongoaccommodation.com\/de\/datenschutzerklarung\/#breadcrumb\"},\"inLanguage\":\"de-DE\",\"potentialAction\":[{\"@type\":\"ReadAction\",\"target\":[\"https:\/\/mololongoaccommodation.com\/de\/datenschutzerklarung\/\"]}]},{\"@type\":\"BreadcrumbList\",\"@id\":\"https:\/\/mololongoaccommodation.com\/de\/datenschutzerklarung\/#breadcrumb\",\"itemListElement\":[{\"@type\":\"ListItem\",\"position\":1,\"name\":\"Po\u010detna stranica\",\"item\":\"https:\/\/mololongoaccommodation.com\/de\/\"},{\"@type\":\"ListItem\",\"position\":2,\"name\":\"Datenschutzrichtlinien\"}]},{\"@type\":\"WebSite\",\"@id\":\"https:\/\/mololongoaccommodation.com\/#website\",\"url\":\"https:\/\/mololongoaccommodation.com\/\",\"name\":\"Molo Longo Accommodation\",\"description\":\"Integrated Hotel\",\"potentialAction\":[{\"@type\":\"SearchAction\",\"target\":{\"@type\":\"EntryPoint\",\"urlTemplate\":\"https:\/\/mololongoaccommodation.com\/?s={search_term_string}\"},\"query-input\":{\"@type\":\"PropertyValueSpecification\",\"valueRequired\":true,\"valueName\":\"search_term_string\"}}],\"inLanguage\":\"de-DE\"}]}<\/script>\n<!-- \/ Yoast SEO plugin. -->","yoast_head_json":{"title":"Datenschutzrichtlinien - Molo Longo Accommodation","robots":{"index":"index","follow":"follow","max-snippet":"max-snippet:-1","max-image-preview":"max-image-preview:large","max-video-preview":"max-video-preview:-1"},"canonical":"https:\/\/mololongoaccommodation.com\/de\/datenschutzerklarung\/","og_locale":"de_DE","og_type":"article","og_title":"Datenschutzrichtlinien - Molo Longo Accommodation","og_description":"Die Virtus upravljanje d.o.o. verpflichtet sich, als Reiseb\u00fcro unter dem Brand Molo Longo (im Weiteren: Molo Longo, die Anonymit\u00e4t und Privatsph\u00e4re der Nutzer ihrer Webseite zu wahren. Die Molo Longo erhebt von ihren Kunden nur solche Daten, die f\u00fcr unseren Gesch\u00e4ftsbetrieb und die Erf\u00fcllung unserer Pflichten erforderlich sind und sch\u00fctzt sie dabei vor jeder unbefugten [&hellip;]","og_url":"https:\/\/mololongoaccommodation.com\/de\/datenschutzerklarung\/","og_site_name":"Molo Longo Accommodation","article_modified_time":"2024-02-01T07:59:46+00:00","twitter_card":"summary_large_image","twitter_misc":{"Est. reading time":"6 Minuten"},"schema":{"@context":"https:\/\/schema.org","@graph":[{"@type":"WebPage","@id":"https:\/\/mololongoaccommodation.com\/de\/datenschutzerklarung\/","url":"https:\/\/mololongoaccommodation.com\/de\/datenschutzerklarung\/","name":"Datenschutzrichtlinien - Molo Longo Accommodation","isPartOf":{"@id":"https:\/\/mololongoaccommodation.com\/#website"},"datePublished":"2020-09-25T06:07:36+00:00","dateModified":"2024-02-01T07:59:46+00:00","breadcrumb":{"@id":"https:\/\/mololongoaccommodation.com\/de\/datenschutzerklarung\/#breadcrumb"},"inLanguage":"de-DE","potentialAction":[{"@type":"ReadAction","target":["https:\/\/mololongoaccommodation.com\/de\/datenschutzerklarung\/"]}]},{"@type":"BreadcrumbList","@id":"https:\/\/mololongoaccommodation.com\/de\/datenschutzerklarung\/#breadcrumb","itemListElement":[{"@type":"ListItem","position":1,"name":"Po\u010detna stranica","item":"https:\/\/mololongoaccommodation.com\/de\/"},{"@type":"ListItem","position":2,"name":"Datenschutzrichtlinien"}]},{"@type":"WebSite","@id":"https:\/\/mololongoaccommodation.com\/#website","url":"https:\/\/mololongoaccommodation.com\/","name":"Molo Longo Accommodation","description":"Integrated Hotel","potentialAction":[{"@type":"SearchAction","target":{"@type":"EntryPoint","urlTemplate":"https:\/\/mololongoaccommodation.com\/?s={search_term_string}"},"query-input":{"@type":"PropertyValueSpecification","valueRequired":true,"valueName":"search_term_string"}}],"inLanguage":"de-DE"}]}},"_links":{"self":[{"href":"https:\/\/mololongoaccommodation.com\/de\/wp-json\/wp\/v2\/pages\/48667","targetHints":{"allow":["GET"]}}],"collection":[{"href":"https:\/\/mololongoaccommodation.com\/de\/wp-json\/wp\/v2\/pages"}],"about":[{"href":"https:\/\/mololongoaccommodation.com\/de\/wp-json\/wp\/v2\/types\/page"}],"author":[{"embeddable":true,"href":"https:\/\/mololongoaccommodation.com\/de\/wp-json\/wp\/v2\/users\/3"}],"replies":[{"embeddable":true,"href":"https:\/\/mololongoaccommodation.com\/de\/wp-json\/wp\/v2\/comments?post=48667"}],"version-history":[{"count":3,"href":"https:\/\/mololongoaccommodation.com\/de\/wp-json\/wp\/v2\/pages\/48667\/revisions"}],"predecessor-version":[{"id":860047,"href":"https:\/\/mololongoaccommodation.com\/de\/wp-json\/wp\/v2\/pages\/48667\/revisions\/860047"}],"wp:attachment":[{"href":"https:\/\/mololongoaccommodation.com\/de\/wp-json\/wp\/v2\/media?parent=48667"}],"curies":[{"name":"wp","href":"https:\/\/api.w.org\/{rel}","templated":true}]}}