{"id":828435,"date":"2021-05-03T09:31:20","date_gmt":"2021-05-03T07:31:20","guid":{"rendered":"http:\/\/stage.mololongoaccommodation.com\/payment-methods\/"},"modified":"2023-10-20T10:58:21","modified_gmt":"2023-10-20T08:58:21","slug":"zahlungsmethoden","status":"publish","type":"page","link":"https:\/\/mololongoaccommodation.com\/de\/zahlungsmethoden\/","title":{"rendered":"Zahlungsmethoden"},"content":{"rendered":"<p style=\"text-align: justify;\"><strong>ZAHLUNGSMETHODEN<\/strong><\/p>\n<ul style=\"text-align: justify;\" class=\"simple-list\">\n<li>Zahlung mit Kreditkarte (m\u00f6glich mit Maestro, Maestro, Master Card, Visa und Discovery Bankkarten)<\/li>\n<li>Zahlung per Bank\u00fcberweisung<\/li>\n<\/ul>\n<p style=\"text-align: justify;\">\n<p style=\"text-align: justify;\">Bitte beachten Sie, dass Ihre Buchung automatisch gesichert wird, wenn Sie die Zahlung mit Kreditkarte leisten, und Sie eine Buchungsbest\u00e4tigung auf der Website und per E-Mail erhalten.<\/p>\n<p style=\"text-align: justify;\">Wenn Sie eine Bank\u00fcberweisung zur Zahlung ausgew\u00e4hlt haben, erhalten Sie eine Nachricht \u00fcber die Buchung mit den Details des gebuchten Datums, den Anweisungen zur Fortsetzung der Buchung und den Zahlungsangaben. Sie sollten die Zahlung per Bank\u00fcberweisung 34 tage vor dem Ankunftsdatum leisten, damit wir die Zahlung innerhalb von 3 (drei) Werktagen erhalten k\u00f6nnen. Wenn wir nach Ablauf des angegebenen Zeitraums Ihre Zahlung nicht erhalten haben, wird Ihre Buchung gek\u00fcndigt. Eine Bank\u00fcberweisung ist nicht m\u00f6glich, wenn weniger als 15 Tage bis zu Ihrer Ankunft verbleiben.<\/p>\n<p style=\"text-align: justify;\">Alle Preise beinhalten Mehrwertsteuer und Touristengeb\u00fchren f\u00fcr alle Mitglieder Ihrer Gesellschaft.<\/p>\n<p style=\"text-align: justify;\"><u>ZAHLUNG MIT AUSL\u00c4NDISCHER KREDITKARTE<\/u><\/p>\n<p style=\"text-align: justify;\">Die zu zahlenden Betr\u00e4ge werden in Euro (EUR) angegeben.\u00a0 Wenn Sie Geld in einer anderen W\u00e4hrung auf Ihrer Karte haben, erfolgt die Umrechnung in Euro entsprechend dem Wechselkurs Ihrer Kreditkartenfirma. Infolge der Umrechnung sind kleine Abweichungen zwischen dem auf unserer Website angegebenen Preis und dem Ihnen in Rechnung gestellten Preis m\u00f6glich. Die Agentur Molo Longo haftet nicht f\u00fcr Preisunterschiede, die sich aus W\u00e4hrungsumrechnungen ergeben.<\/p>\n<p style=\"text-align: justify;\"><u>BEST\u00c4TIGUNG<\/u><\/p>\n<p style=\"text-align: justify;\">Sobald Ihre Online-Zahlung erfolgt ist, erhalten Sie eine Zahlungsbest\u00e4tigung per E-Mail.<\/p>\n<p style=\"text-align: justify;\">K\u00fcndigungsbedingungen<\/p>\n<p style=\"text-align: justify;\">Wenn Sie Ihre Zahlung k\u00fcndigen m\u00f6chten, kontaktieren Sie uns bitte schriftlich unter info@mololongo.com und erkl\u00e4ren Sie die Gr\u00fcnde f\u00fcr Ihre K\u00fcndigung.<\/p>\n","protected":false},"excerpt":{"rendered":"<p>ZAHLUNGSMETHODEN Zahlung mit Kreditkarte (m\u00f6glich mit Maestro, Maestro, Master Card, Visa und Discovery Bankkarten) Zahlung per Bank\u00fcberweisung Bitte beachten Sie, dass Ihre Buchung automatisch gesichert wird, wenn Sie die Zahlung mit Kreditkarte leisten, und Sie eine Buchungsbest\u00e4tigung auf der Website und per E-Mail erhalten. Wenn Sie eine Bank\u00fcberweisung zur Zahlung ausgew\u00e4hlt haben, erhalten Sie eine [&hellip;]<\/p>\n","protected":false},"author":3,"featured_media":0,"parent":0,"menu_order":0,"comment_status":"closed","ping_status":"closed","template":"page-templates\/fullwidthpage.php","meta":{"inline_featured_image":false,"footnotes":""},"class_list":["post-828435","page","type-page","status-publish","hentry"],"yoast_head":"<!-- This site is optimized with the Yoast SEO plugin v26.8 - https:\/\/yoast.com\/product\/yoast-seo-wordpress\/ -->\n<title>Zahlungsmethoden - Molo Longo Accommodation<\/title>\n<meta name=\"description\" content=\"Zahlungsmethoden - Zahlung per Kreditkarte, Zahlung per Bank\u00fcberweisung. Sobald Ihre Online-Zahlung erfolgt ist, erhalten Sie eine Zahlungsbest\u00e4tigung.\" \/>\n<meta name=\"robots\" content=\"index, follow, max-snippet:-1, max-image-preview:large, max-video-preview:-1\" \/>\n<link rel=\"canonical\" href=\"https:\/\/mololongoaccommodation.com\/metode-placanja\/\" \/>\n<meta property=\"og:locale\" content=\"de_DE\" \/>\n<meta property=\"og:type\" content=\"article\" \/>\n<meta property=\"og:title\" content=\"Zahlungsmethoden - Molo Longo Accommodation\" \/>\n<meta property=\"og:description\" content=\"Zahlungsmethoden - Zahlung per Kreditkarte, Zahlung per Bank\u00fcberweisung. Sobald Ihre Online-Zahlung erfolgt ist, erhalten Sie eine Zahlungsbest\u00e4tigung.\" \/>\n<meta property=\"og:url\" content=\"https:\/\/mololongoaccommodation.com\/metode-placanja\/\" \/>\n<meta property=\"og:site_name\" content=\"Molo Longo Accommodation\" \/>\n<meta property=\"article:modified_time\" content=\"2023-10-20T08:58:21+00:00\" \/>\n<meta name=\"twitter:card\" content=\"summary_large_image\" \/>\n<meta name=\"twitter:label1\" content=\"Est. reading time\" \/>\n\t<meta name=\"twitter:data1\" content=\"1 Minute\" \/>\n<script type=\"application\/ld+json\" class=\"yoast-schema-graph\">{\"@context\":\"https:\/\/schema.org\",\"@graph\":[{\"@type\":\"WebPage\",\"@id\":\"https:\/\/mololongoaccommodation.com\/metode-placanja\/\",\"url\":\"https:\/\/mololongoaccommodation.com\/metode-placanja\/\",\"name\":\"Zahlungsmethoden - Molo Longo Accommodation\",\"isPartOf\":{\"@id\":\"https:\/\/mololongoaccommodation.com\/#website\"},\"datePublished\":\"2021-05-03T07:31:20+00:00\",\"dateModified\":\"2023-10-20T08:58:21+00:00\",\"description\":\"Zahlungsmethoden - Zahlung per Kreditkarte, Zahlung per Bank\u00fcberweisung. Sobald Ihre Online-Zahlung erfolgt ist, erhalten Sie eine Zahlungsbest\u00e4tigung.\",\"breadcrumb\":{\"@id\":\"https:\/\/mololongoaccommodation.com\/metode-placanja\/#breadcrumb\"},\"inLanguage\":\"de-DE\",\"potentialAction\":[{\"@type\":\"ReadAction\",\"target\":[\"https:\/\/mololongoaccommodation.com\/metode-placanja\/\"]}]},{\"@type\":\"BreadcrumbList\",\"@id\":\"https:\/\/mololongoaccommodation.com\/metode-placanja\/#breadcrumb\",\"itemListElement\":[{\"@type\":\"ListItem\",\"position\":1,\"name\":\"Po\u010detna stranica\",\"item\":\"https:\/\/mololongoaccommodation.com\/de\/\"},{\"@type\":\"ListItem\",\"position\":2,\"name\":\"Zahlungsmethoden\"}]},{\"@type\":\"WebSite\",\"@id\":\"https:\/\/mololongoaccommodation.com\/#website\",\"url\":\"https:\/\/mololongoaccommodation.com\/\",\"name\":\"Molo Longo Accommodation\",\"description\":\"Integrated Hotel\",\"potentialAction\":[{\"@type\":\"SearchAction\",\"target\":{\"@type\":\"EntryPoint\",\"urlTemplate\":\"https:\/\/mololongoaccommodation.com\/?s={search_term_string}\"},\"query-input\":{\"@type\":\"PropertyValueSpecification\",\"valueRequired\":true,\"valueName\":\"search_term_string\"}}],\"inLanguage\":\"de-DE\"}]}<\/script>\n<!-- \/ Yoast SEO plugin. -->","yoast_head_json":{"title":"Zahlungsmethoden - Molo Longo Accommodation","description":"Zahlungsmethoden - Zahlung per Kreditkarte, Zahlung per Bank\u00fcberweisung. Sobald Ihre Online-Zahlung erfolgt ist, erhalten Sie eine Zahlungsbest\u00e4tigung.","robots":{"index":"index","follow":"follow","max-snippet":"max-snippet:-1","max-image-preview":"max-image-preview:large","max-video-preview":"max-video-preview:-1"},"canonical":"https:\/\/mololongoaccommodation.com\/metode-placanja\/","og_locale":"de_DE","og_type":"article","og_title":"Zahlungsmethoden - Molo Longo Accommodation","og_description":"Zahlungsmethoden - Zahlung per Kreditkarte, Zahlung per Bank\u00fcberweisung. Sobald Ihre Online-Zahlung erfolgt ist, erhalten Sie eine Zahlungsbest\u00e4tigung.","og_url":"https:\/\/mololongoaccommodation.com\/metode-placanja\/","og_site_name":"Molo Longo Accommodation","article_modified_time":"2023-10-20T08:58:21+00:00","twitter_card":"summary_large_image","twitter_misc":{"Est. reading time":"1 Minute"},"schema":{"@context":"https:\/\/schema.org","@graph":[{"@type":"WebPage","@id":"https:\/\/mololongoaccommodation.com\/metode-placanja\/","url":"https:\/\/mololongoaccommodation.com\/metode-placanja\/","name":"Zahlungsmethoden - Molo Longo Accommodation","isPartOf":{"@id":"https:\/\/mololongoaccommodation.com\/#website"},"datePublished":"2021-05-03T07:31:20+00:00","dateModified":"2023-10-20T08:58:21+00:00","description":"Zahlungsmethoden - Zahlung per Kreditkarte, Zahlung per Bank\u00fcberweisung. Sobald Ihre Online-Zahlung erfolgt ist, erhalten Sie eine Zahlungsbest\u00e4tigung.","breadcrumb":{"@id":"https:\/\/mololongoaccommodation.com\/metode-placanja\/#breadcrumb"},"inLanguage":"de-DE","potentialAction":[{"@type":"ReadAction","target":["https:\/\/mololongoaccommodation.com\/metode-placanja\/"]}]},{"@type":"BreadcrumbList","@id":"https:\/\/mololongoaccommodation.com\/metode-placanja\/#breadcrumb","itemListElement":[{"@type":"ListItem","position":1,"name":"Po\u010detna stranica","item":"https:\/\/mololongoaccommodation.com\/de\/"},{"@type":"ListItem","position":2,"name":"Zahlungsmethoden"}]},{"@type":"WebSite","@id":"https:\/\/mololongoaccommodation.com\/#website","url":"https:\/\/mololongoaccommodation.com\/","name":"Molo Longo Accommodation","description":"Integrated Hotel","potentialAction":[{"@type":"SearchAction","target":{"@type":"EntryPoint","urlTemplate":"https:\/\/mololongoaccommodation.com\/?s={search_term_string}"},"query-input":{"@type":"PropertyValueSpecification","valueRequired":true,"valueName":"search_term_string"}}],"inLanguage":"de-DE"}]}},"_links":{"self":[{"href":"https:\/\/mololongoaccommodation.com\/de\/wp-json\/wp\/v2\/pages\/828435","targetHints":{"allow":["GET"]}}],"collection":[{"href":"https:\/\/mololongoaccommodation.com\/de\/wp-json\/wp\/v2\/pages"}],"about":[{"href":"https:\/\/mololongoaccommodation.com\/de\/wp-json\/wp\/v2\/types\/page"}],"author":[{"embeddable":true,"href":"https:\/\/mololongoaccommodation.com\/de\/wp-json\/wp\/v2\/users\/3"}],"replies":[{"embeddable":true,"href":"https:\/\/mololongoaccommodation.com\/de\/wp-json\/wp\/v2\/comments?post=828435"}],"version-history":[{"count":2,"href":"https:\/\/mololongoaccommodation.com\/de\/wp-json\/wp\/v2\/pages\/828435\/revisions"}],"predecessor-version":[{"id":859929,"href":"https:\/\/mololongoaccommodation.com\/de\/wp-json\/wp\/v2\/pages\/828435\/revisions\/859929"}],"wp:attachment":[{"href":"https:\/\/mololongoaccommodation.com\/de\/wp-json\/wp\/v2\/media?parent=828435"}],"curies":[{"name":"wp","href":"https:\/\/api.w.org\/{rel}","templated":true}]}}