{"id":48944,"date":"2020-09-28T10:24:52","date_gmt":"2020-09-28T08:24:52","guid":{"rendered":"http:\/\/stage.mololongoaccommodation.com\/chi-siamo\/"},"modified":"2023-07-06T11:29:53","modified_gmt":"2023-07-06T09:29:53","slug":"gruppo-molo-longo","status":"publish","type":"page","link":"https:\/\/mololongoaccommodation.com\/it\/gruppo-molo-longo\/","title":{"rendered":"Gruppo Molo Longo"},"content":{"rendered":"<p>Spinto dalle potenzialit\u00e0 e dallo sviluppo accelerato di Fiume come importante destinazione turistica dell\u2019Adriatico settentrionale, nel 2016 un gruppo di persone riunite con l\u2019obiettivo di fornire servizi turistici inizia ad offrire il classico servizio di intermediazione per affitti brevi di appartamenti e camere nel territorio di Fiume.<\/p>\n<p>Una domanda estremamente elevata ha portato a una rapida espansione e a un miglioramento continuo dei servizi dell\u2019agenzia. La dedizione e il duro lavoro del nostro team, fatto di professionisti giovani e determinati, ha portato alla creazione di un modello di business completamente nuovo in questo territorio. Nel 2018 \u00e8 stato cos\u00ec inaugurato il primo albergo diffuso di Fiume, Molo Longo.<\/p>\n<p>Grazie a una crescita continua e a nuovi investimenti, la nostra societ\u00e0 ha ampliato il numero di dipendenti e creato un team di professionisti che ogni giorno mette a disposizione il proprio sapere e le proprie competenze per creare un servizio riconoscibile e di qualit\u00e0. In poco tempo, questo metodo innovativo di fare impresa ha smesso di essere un&#8217;incognita. Infatti, sia i proprietari di appartamenti, sia gli ospiti hanno riconosciuto la qualit\u00e0 e i vantaggi del gruppo Molo Longo rendendo il nostro marchio sempre pi\u00f9 riconoscibile e diffuso. Oggi Molo Longo dispone di una base di oltre 200 alloggi di alta qualit\u00e0, arredati in stile moderno, e nel 2019 il nostro sistema ha registrato 18.000 ospiti.<\/p>\n","protected":false},"excerpt":{"rendered":"<p>Spinto dalle potenzialit\u00e0 e dallo sviluppo accelerato di Fiume come importante destinazione turistica dell\u2019Adriatico settentrionale, nel 2016 un gruppo di persone riunite con l\u2019obiettivo di fornire servizi turistici inizia ad offrire il classico servizio di intermediazione per affitti brevi di appartamenti e camere nel territorio di Fiume. Una domanda estremamente elevata ha portato a una [&hellip;]<\/p>\n","protected":false},"author":3,"featured_media":859752,"parent":0,"menu_order":2,"comment_status":"closed","ping_status":"closed","template":"page-templates\/page-group.php","meta":{"inline_featured_image":false,"footnotes":""},"class_list":["post-48944","page","type-page","status-publish","has-post-thumbnail","hentry"],"yoast_head":"<!-- This site is optimized with the Yoast SEO plugin v26.8 - https:\/\/yoast.com\/product\/yoast-seo-wordpress\/ -->\n<title>Gruppo Molo Longo - Molo Longo Accommodation<\/title>\n<meta name=\"description\" content=\"Molo Longo \u00e8 sinonimo di qualit\u00e0 turistica. La nostra attenzione \u00e8 rivolta soprattutto a un\u2019offerta ricca e di qualit\u00e0 lungo l\u2019Adriatico\" \/>\n<meta name=\"robots\" content=\"index, follow, max-snippet:-1, max-image-preview:large, max-video-preview:-1\" \/>\n<link rel=\"canonical\" href=\"https:\/\/mololongoaccommodation.com\/grupacija-molo-longo\/\" \/>\n<meta property=\"og:locale\" content=\"it_IT\" \/>\n<meta property=\"og:type\" content=\"article\" \/>\n<meta property=\"og:title\" content=\"Gruppo Molo Longo - Molo Longo Accommodation\" \/>\n<meta property=\"og:description\" content=\"Molo Longo \u00e8 sinonimo di qualit\u00e0 turistica. La nostra attenzione \u00e8 rivolta soprattutto a un\u2019offerta ricca e di qualit\u00e0 lungo l\u2019Adriatico\" \/>\n<meta property=\"og:url\" content=\"https:\/\/mololongoaccommodation.com\/grupacija-molo-longo\/\" \/>\n<meta property=\"og:site_name\" content=\"Molo Longo Accommodation\" \/>\n<meta property=\"article:modified_time\" content=\"2023-07-06T09:29:53+00:00\" \/>\n<meta property=\"og:image\" content=\"https:\/\/mololongoaccommodation.com\/wp-content\/uploads\/2023\/06\/grupacija-header.jpg\" \/>\n\t<meta property=\"og:image:width\" content=\"2000\" \/>\n\t<meta property=\"og:image:height\" content=\"1333\" \/>\n\t<meta property=\"og:image:type\" content=\"image\/jpeg\" \/>\n<meta name=\"twitter:card\" content=\"summary_large_image\" \/>\n<meta name=\"twitter:label1\" content=\"Est. reading time\" \/>\n\t<meta name=\"twitter:data1\" content=\"1 minuto\" \/>\n<script type=\"application\/ld+json\" class=\"yoast-schema-graph\">{\"@context\":\"https:\/\/schema.org\",\"@graph\":[{\"@type\":\"WebPage\",\"@id\":\"https:\/\/mololongoaccommodation.com\/grupacija-molo-longo\/\",\"url\":\"https:\/\/mololongoaccommodation.com\/grupacija-molo-longo\/\",\"name\":\"Gruppo Molo Longo - Molo Longo Accommodation\",\"isPartOf\":{\"@id\":\"https:\/\/mololongoaccommodation.com\/#website\"},\"primaryImageOfPage\":{\"@id\":\"https:\/\/mololongoaccommodation.com\/grupacija-molo-longo\/#primaryimage\"},\"image\":{\"@id\":\"https:\/\/mololongoaccommodation.com\/grupacija-molo-longo\/#primaryimage\"},\"thumbnailUrl\":\"https:\/\/mololongoaccommodation.com\/wp-content\/uploads\/2023\/06\/grupacija-header.jpg\",\"datePublished\":\"2020-09-28T08:24:52+00:00\",\"dateModified\":\"2023-07-06T09:29:53+00:00\",\"description\":\"Molo Longo \u00e8 sinonimo di qualit\u00e0 turistica. La nostra attenzione \u00e8 rivolta soprattutto a un\u2019offerta ricca e di qualit\u00e0 lungo l\u2019Adriatico\",\"breadcrumb\":{\"@id\":\"https:\/\/mololongoaccommodation.com\/grupacija-molo-longo\/#breadcrumb\"},\"inLanguage\":\"it-IT\",\"potentialAction\":[{\"@type\":\"ReadAction\",\"target\":[\"https:\/\/mololongoaccommodation.com\/grupacija-molo-longo\/\"]}]},{\"@type\":\"ImageObject\",\"inLanguage\":\"it-IT\",\"@id\":\"https:\/\/mololongoaccommodation.com\/grupacija-molo-longo\/#primaryimage\",\"url\":\"https:\/\/mololongoaccommodation.com\/wp-content\/uploads\/2023\/06\/grupacija-header.jpg\",\"contentUrl\":\"https:\/\/mololongoaccommodation.com\/wp-content\/uploads\/2023\/06\/grupacija-header.jpg\",\"width\":2000,\"height\":1333},{\"@type\":\"BreadcrumbList\",\"@id\":\"https:\/\/mololongoaccommodation.com\/grupacija-molo-longo\/#breadcrumb\",\"itemListElement\":[{\"@type\":\"ListItem\",\"position\":1,\"name\":\"Po\u010detna stranica\",\"item\":\"https:\/\/mololongoaccommodation.com\/\"},{\"@type\":\"ListItem\",\"position\":2,\"name\":\"Gruppo Molo Longo\"}]},{\"@type\":\"WebSite\",\"@id\":\"https:\/\/mololongoaccommodation.com\/#website\",\"url\":\"https:\/\/mololongoaccommodation.com\/\",\"name\":\"Molo Longo Accommodation\",\"description\":\"Integrated Hotel\",\"potentialAction\":[{\"@type\":\"SearchAction\",\"target\":{\"@type\":\"EntryPoint\",\"urlTemplate\":\"https:\/\/mololongoaccommodation.com\/?s={search_term_string}\"},\"query-input\":{\"@type\":\"PropertyValueSpecification\",\"valueRequired\":true,\"valueName\":\"search_term_string\"}}],\"inLanguage\":\"it-IT\"}]}<\/script>\n<!-- \/ Yoast SEO plugin. -->","yoast_head_json":{"title":"Gruppo Molo Longo - Molo Longo Accommodation","description":"Molo Longo \u00e8 sinonimo di qualit\u00e0 turistica. La nostra attenzione \u00e8 rivolta soprattutto a un\u2019offerta ricca e di qualit\u00e0 lungo l\u2019Adriatico","robots":{"index":"index","follow":"follow","max-snippet":"max-snippet:-1","max-image-preview":"max-image-preview:large","max-video-preview":"max-video-preview:-1"},"canonical":"https:\/\/mololongoaccommodation.com\/grupacija-molo-longo\/","og_locale":"it_IT","og_type":"article","og_title":"Gruppo Molo Longo - Molo Longo Accommodation","og_description":"Molo Longo \u00e8 sinonimo di qualit\u00e0 turistica. La nostra attenzione \u00e8 rivolta soprattutto a un\u2019offerta ricca e di qualit\u00e0 lungo l\u2019Adriatico","og_url":"https:\/\/mololongoaccommodation.com\/grupacija-molo-longo\/","og_site_name":"Molo Longo Accommodation","article_modified_time":"2023-07-06T09:29:53+00:00","og_image":[{"width":2000,"height":1333,"url":"https:\/\/mololongoaccommodation.com\/wp-content\/uploads\/2023\/06\/grupacija-header.jpg","type":"image\/jpeg"}],"twitter_card":"summary_large_image","twitter_misc":{"Est. reading time":"1 minuto"},"schema":{"@context":"https:\/\/schema.org","@graph":[{"@type":"WebPage","@id":"https:\/\/mololongoaccommodation.com\/grupacija-molo-longo\/","url":"https:\/\/mololongoaccommodation.com\/grupacija-molo-longo\/","name":"Gruppo Molo Longo - Molo Longo Accommodation","isPartOf":{"@id":"https:\/\/mololongoaccommodation.com\/#website"},"primaryImageOfPage":{"@id":"https:\/\/mololongoaccommodation.com\/grupacija-molo-longo\/#primaryimage"},"image":{"@id":"https:\/\/mololongoaccommodation.com\/grupacija-molo-longo\/#primaryimage"},"thumbnailUrl":"https:\/\/mololongoaccommodation.com\/wp-content\/uploads\/2023\/06\/grupacija-header.jpg","datePublished":"2020-09-28T08:24:52+00:00","dateModified":"2023-07-06T09:29:53+00:00","description":"Molo Longo \u00e8 sinonimo di qualit\u00e0 turistica. La nostra attenzione \u00e8 rivolta soprattutto a un\u2019offerta ricca e di qualit\u00e0 lungo l\u2019Adriatico","breadcrumb":{"@id":"https:\/\/mololongoaccommodation.com\/grupacija-molo-longo\/#breadcrumb"},"inLanguage":"it-IT","potentialAction":[{"@type":"ReadAction","target":["https:\/\/mololongoaccommodation.com\/grupacija-molo-longo\/"]}]},{"@type":"ImageObject","inLanguage":"it-IT","@id":"https:\/\/mololongoaccommodation.com\/grupacija-molo-longo\/#primaryimage","url":"https:\/\/mololongoaccommodation.com\/wp-content\/uploads\/2023\/06\/grupacija-header.jpg","contentUrl":"https:\/\/mololongoaccommodation.com\/wp-content\/uploads\/2023\/06\/grupacija-header.jpg","width":2000,"height":1333},{"@type":"BreadcrumbList","@id":"https:\/\/mololongoaccommodation.com\/grupacija-molo-longo\/#breadcrumb","itemListElement":[{"@type":"ListItem","position":1,"name":"Po\u010detna stranica","item":"https:\/\/mololongoaccommodation.com\/"},{"@type":"ListItem","position":2,"name":"Gruppo Molo Longo"}]},{"@type":"WebSite","@id":"https:\/\/mololongoaccommodation.com\/#website","url":"https:\/\/mololongoaccommodation.com\/","name":"Molo Longo Accommodation","description":"Integrated Hotel","potentialAction":[{"@type":"SearchAction","target":{"@type":"EntryPoint","urlTemplate":"https:\/\/mololongoaccommodation.com\/?s={search_term_string}"},"query-input":{"@type":"PropertyValueSpecification","valueRequired":true,"valueName":"search_term_string"}}],"inLanguage":"it-IT"}]}},"_links":{"self":[{"href":"https:\/\/mololongoaccommodation.com\/it\/wp-json\/wp\/v2\/pages\/48944","targetHints":{"allow":["GET"]}}],"collection":[{"href":"https:\/\/mololongoaccommodation.com\/it\/wp-json\/wp\/v2\/pages"}],"about":[{"href":"https:\/\/mololongoaccommodation.com\/it\/wp-json\/wp\/v2\/types\/page"}],"author":[{"embeddable":true,"href":"https:\/\/mololongoaccommodation.com\/it\/wp-json\/wp\/v2\/users\/3"}],"replies":[{"embeddable":true,"href":"https:\/\/mololongoaccommodation.com\/it\/wp-json\/wp\/v2\/comments?post=48944"}],"version-history":[{"count":1,"href":"https:\/\/mololongoaccommodation.com\/it\/wp-json\/wp\/v2\/pages\/48944\/revisions"}],"predecessor-version":[{"id":859783,"href":"https:\/\/mololongoaccommodation.com\/it\/wp-json\/wp\/v2\/pages\/48944\/revisions\/859783"}],"wp:featuredmedia":[{"embeddable":true,"href":"https:\/\/mololongoaccommodation.com\/it\/wp-json\/wp\/v2\/media\/859752"}],"wp:attachment":[{"href":"https:\/\/mololongoaccommodation.com\/it\/wp-json\/wp\/v2\/media?parent=48944"}],"curies":[{"name":"wp","href":"https:\/\/api.w.org\/{rel}","templated":true}]}}