{"id":828434,"date":"2021-05-03T09:30:50","date_gmt":"2021-05-03T07:30:50","guid":{"rendered":"http:\/\/stage.mololongoaccommodation.com\/payment-methods\/"},"modified":"2023-10-20T10:58:25","modified_gmt":"2023-10-20T08:58:25","slug":"metodi-di-pagamento","status":"publish","type":"page","link":"https:\/\/mololongoaccommodation.com\/it\/metodi-di-pagamento\/","title":{"rendered":"Metodi di pagamento"},"content":{"rendered":"<p style=\"text-align: justify;\"><strong>METODI DI PAGAMENTO<\/strong><\/p>\n<ul style=\"text-align: justify;\" class=\"simple-list\">\n<li>pagamento tramite carta di credito (accettiamo carte Maestro, Master Card, Visa e Discovery)<\/li>\n<li>pagamento tramite bonifico bancario<\/li>\n<\/ul>\n<p style=\"text-align: justify;\">\n<p style=\"text-align: justify;\">Si prega di notare che se il pagamento sar\u00e0 effettuato tramite carta di credito, la prenotazione sar\u00e0 confermata automaticamente e la conferma di prenotazione sar\u00e0 disponibile sul nostro sito e inviata all\u2019indirizzo e-mail indicato.<\/p>\n<p style=\"text-align: justify;\">Se il metodo di pagamento selezionato \u00e8 tramite bonifico bancario, invieremo una notifica di prenotazione con tutti i dettagli relativi alle date prenotate e le indicazioni per completare la prenotazione all\u2019indirizzo e-mail indicato. Il pagamento tramite bonifico bancario dovr\u00e0 essere effettuato fino a 34 giorni prima della data di arrivo, in modo che possa pervenire entro 3 (tre) giorni lavorativi. Se non riceveremo il pagamento entro il termine indicato, la tua prenotazione verr\u00e0 annullata. Se mancano meno di 15 giorni alla data del tuo arrivo, non sar\u00e0 possibile optare per il bonifico bancario.<\/p>\n<p style=\"text-align: justify;\">Tutti i prezzi includono l\u2019IVA e le tasse turistiche per tutti le persone che fanno parte del tuo gruppo.<\/p>\n<p style=\"text-align: justify;\"><u>PAGAMENTI CON CARTE DI CREDITO ESTERE<\/u><\/p>\n<p style=\"text-align: justify;\">L\u2019importo sar\u00e0 addebitato in Euro.\u00a0 In caso di carte di credito in altra valuta, la conversione in Euro verr\u00e0 effettuata secondo il tasso di cambio della tua banca. Per questo motivo, sono possibili variazioni minime tra il prezzo indicato sul nostro sito e quello effettivamente addebitato. L\u2019agenzia Molo Longo non si ritiene responsabile di alcuna variazione ai prezzi come risultato della conversione di valute.<\/p>\n<p style=\"text-align: justify;\"><u>CONFERMA<\/u><\/p>\n<p style=\"text-align: justify;\">Dopo aver effettuato il pagamento online, riceverai la conferma di pagamento all\u2019indirizzo e-mail indicato.<\/p>\n<p style=\"text-align: justify;\">Condizioni di cancellazione<\/p>\n<p style=\"text-align: justify;\">Se desideri annullare il pagamento, ti preghiamo di contattarci tramite e-mail all\u2019indirizzo info@mololongo.com indicando i motivi dell\u2019annullamento.<\/p>\n","protected":false},"excerpt":{"rendered":"<p>METODI DI PAGAMENTO pagamento tramite carta di credito (accettiamo carte Maestro, Master Card, Visa e Discovery) pagamento tramite bonifico bancario Si prega di notare che se il pagamento sar\u00e0 effettuato tramite carta di credito, la prenotazione sar\u00e0 confermata automaticamente e la conferma di prenotazione sar\u00e0 disponibile sul nostro sito e inviata all\u2019indirizzo e-mail indicato. Se [&hellip;]<\/p>\n","protected":false},"author":3,"featured_media":0,"parent":0,"menu_order":0,"comment_status":"closed","ping_status":"closed","template":"page-templates\/fullwidthpage.php","meta":{"inline_featured_image":false,"footnotes":""},"class_list":["post-828434","page","type-page","status-publish","hentry"],"yoast_head":"<!-- This site is optimized with the Yoast SEO plugin v26.8 - https:\/\/yoast.com\/product\/yoast-seo-wordpress\/ -->\n<title>Metodi di pagamento - Molo Longo Accommodation<\/title>\n<meta name=\"description\" content=\"Metodi di pagamento - pagamento tramite carte di credito, pagamento tramite bonifico bancario. Dopo aver effettuato il pagamento online, riceverai la conferma di avvenuto pagamento.\" \/>\n<meta name=\"robots\" content=\"index, follow, max-snippet:-1, max-image-preview:large, max-video-preview:-1\" \/>\n<link rel=\"canonical\" href=\"https:\/\/mololongoaccommodation.com\/metode-placanja\/\" \/>\n<meta property=\"og:locale\" content=\"it_IT\" \/>\n<meta property=\"og:type\" content=\"article\" \/>\n<meta property=\"og:title\" content=\"Metodi di pagamento - Molo Longo Accommodation\" \/>\n<meta property=\"og:description\" content=\"Metodi di pagamento - pagamento tramite carte di credito, pagamento tramite bonifico bancario. Dopo aver effettuato il pagamento online, riceverai la conferma di avvenuto pagamento.\" \/>\n<meta property=\"og:url\" content=\"https:\/\/mololongoaccommodation.com\/metode-placanja\/\" \/>\n<meta property=\"og:site_name\" content=\"Molo Longo Accommodation\" \/>\n<meta property=\"article:modified_time\" content=\"2023-10-20T08:58:25+00:00\" \/>\n<meta name=\"twitter:card\" content=\"summary_large_image\" \/>\n<meta name=\"twitter:label1\" content=\"Est. reading time\" \/>\n\t<meta name=\"twitter:data1\" content=\"1 minuto\" \/>\n<script type=\"application\/ld+json\" class=\"yoast-schema-graph\">{\"@context\":\"https:\/\/schema.org\",\"@graph\":[{\"@type\":\"WebPage\",\"@id\":\"https:\/\/mololongoaccommodation.com\/metode-placanja\/\",\"url\":\"https:\/\/mololongoaccommodation.com\/metode-placanja\/\",\"name\":\"Metodi di pagamento - Molo Longo Accommodation\",\"isPartOf\":{\"@id\":\"https:\/\/mololongoaccommodation.com\/#website\"},\"datePublished\":\"2021-05-03T07:30:50+00:00\",\"dateModified\":\"2023-10-20T08:58:25+00:00\",\"description\":\"Metodi di pagamento - pagamento tramite carte di credito, pagamento tramite bonifico bancario. Dopo aver effettuato il pagamento online, riceverai la conferma di avvenuto pagamento.\",\"breadcrumb\":{\"@id\":\"https:\/\/mololongoaccommodation.com\/metode-placanja\/#breadcrumb\"},\"inLanguage\":\"it-IT\",\"potentialAction\":[{\"@type\":\"ReadAction\",\"target\":[\"https:\/\/mololongoaccommodation.com\/metode-placanja\/\"]}]},{\"@type\":\"BreadcrumbList\",\"@id\":\"https:\/\/mololongoaccommodation.com\/metode-placanja\/#breadcrumb\",\"itemListElement\":[{\"@type\":\"ListItem\",\"position\":1,\"name\":\"Po\u010detna stranica\",\"item\":\"https:\/\/mololongoaccommodation.com\/\"},{\"@type\":\"ListItem\",\"position\":2,\"name\":\"Metodi di pagamento\"}]},{\"@type\":\"WebSite\",\"@id\":\"https:\/\/mololongoaccommodation.com\/#website\",\"url\":\"https:\/\/mololongoaccommodation.com\/\",\"name\":\"Molo Longo Accommodation\",\"description\":\"Integrated Hotel\",\"potentialAction\":[{\"@type\":\"SearchAction\",\"target\":{\"@type\":\"EntryPoint\",\"urlTemplate\":\"https:\/\/mololongoaccommodation.com\/?s={search_term_string}\"},\"query-input\":{\"@type\":\"PropertyValueSpecification\",\"valueRequired\":true,\"valueName\":\"search_term_string\"}}],\"inLanguage\":\"it-IT\"}]}<\/script>\n<!-- \/ Yoast SEO plugin. -->","yoast_head_json":{"title":"Metodi di pagamento - Molo Longo Accommodation","description":"Metodi di pagamento - pagamento tramite carte di credito, pagamento tramite bonifico bancario. Dopo aver effettuato il pagamento online, riceverai la conferma di avvenuto pagamento.","robots":{"index":"index","follow":"follow","max-snippet":"max-snippet:-1","max-image-preview":"max-image-preview:large","max-video-preview":"max-video-preview:-1"},"canonical":"https:\/\/mololongoaccommodation.com\/metode-placanja\/","og_locale":"it_IT","og_type":"article","og_title":"Metodi di pagamento - Molo Longo Accommodation","og_description":"Metodi di pagamento - pagamento tramite carte di credito, pagamento tramite bonifico bancario. Dopo aver effettuato il pagamento online, riceverai la conferma di avvenuto pagamento.","og_url":"https:\/\/mololongoaccommodation.com\/metode-placanja\/","og_site_name":"Molo Longo Accommodation","article_modified_time":"2023-10-20T08:58:25+00:00","twitter_card":"summary_large_image","twitter_misc":{"Est. reading time":"1 minuto"},"schema":{"@context":"https:\/\/schema.org","@graph":[{"@type":"WebPage","@id":"https:\/\/mololongoaccommodation.com\/metode-placanja\/","url":"https:\/\/mololongoaccommodation.com\/metode-placanja\/","name":"Metodi di pagamento - Molo Longo Accommodation","isPartOf":{"@id":"https:\/\/mololongoaccommodation.com\/#website"},"datePublished":"2021-05-03T07:30:50+00:00","dateModified":"2023-10-20T08:58:25+00:00","description":"Metodi di pagamento - pagamento tramite carte di credito, pagamento tramite bonifico bancario. Dopo aver effettuato il pagamento online, riceverai la conferma di avvenuto pagamento.","breadcrumb":{"@id":"https:\/\/mololongoaccommodation.com\/metode-placanja\/#breadcrumb"},"inLanguage":"it-IT","potentialAction":[{"@type":"ReadAction","target":["https:\/\/mololongoaccommodation.com\/metode-placanja\/"]}]},{"@type":"BreadcrumbList","@id":"https:\/\/mololongoaccommodation.com\/metode-placanja\/#breadcrumb","itemListElement":[{"@type":"ListItem","position":1,"name":"Po\u010detna stranica","item":"https:\/\/mololongoaccommodation.com\/"},{"@type":"ListItem","position":2,"name":"Metodi di pagamento"}]},{"@type":"WebSite","@id":"https:\/\/mololongoaccommodation.com\/#website","url":"https:\/\/mololongoaccommodation.com\/","name":"Molo Longo Accommodation","description":"Integrated Hotel","potentialAction":[{"@type":"SearchAction","target":{"@type":"EntryPoint","urlTemplate":"https:\/\/mololongoaccommodation.com\/?s={search_term_string}"},"query-input":{"@type":"PropertyValueSpecification","valueRequired":true,"valueName":"search_term_string"}}],"inLanguage":"it-IT"}]}},"_links":{"self":[{"href":"https:\/\/mololongoaccommodation.com\/it\/wp-json\/wp\/v2\/pages\/828434","targetHints":{"allow":["GET"]}}],"collection":[{"href":"https:\/\/mololongoaccommodation.com\/it\/wp-json\/wp\/v2\/pages"}],"about":[{"href":"https:\/\/mololongoaccommodation.com\/it\/wp-json\/wp\/v2\/types\/page"}],"author":[{"embeddable":true,"href":"https:\/\/mololongoaccommodation.com\/it\/wp-json\/wp\/v2\/users\/3"}],"replies":[{"embeddable":true,"href":"https:\/\/mololongoaccommodation.com\/it\/wp-json\/wp\/v2\/comments?post=828434"}],"version-history":[{"count":2,"href":"https:\/\/mololongoaccommodation.com\/it\/wp-json\/wp\/v2\/pages\/828434\/revisions"}],"predecessor-version":[{"id":859930,"href":"https:\/\/mololongoaccommodation.com\/it\/wp-json\/wp\/v2\/pages\/828434\/revisions\/859930"}],"wp:attachment":[{"href":"https:\/\/mololongoaccommodation.com\/it\/wp-json\/wp\/v2\/media?parent=828434"}],"curies":[{"name":"wp","href":"https:\/\/api.w.org\/{rel}","templated":true}]}}